{"id":6875,"date":"2023-08-16T14:54:26","date_gmt":"2023-08-16T13:54:26","guid":{"rendered":"https:\/\/www.healthy-heart.org\/vystrazne-signaly-a-priznaky\/"},"modified":"2023-08-16T14:54:26","modified_gmt":"2023-08-16T13:54:26","slug":"vystrazne-signaly-a-priznaky","status":"publish","type":"page","link":"https:\/\/www.healthy-heart.org\/cs\/vase-srdce\/vystrazne-signaly-a-priznaky\/","title":{"rendered":"V\u00fdstra\u017en\u00e9 sign\u00e1ly a p\u0159\u00edznaky"},"content":{"rendered":"<p><img loading=\"lazy\" decoding=\"async\" class=\"alignright size-medium wp-image-729\" src=\"https:\/\/cdn-endpoint-prev.azureedge.net\/healthy-heart\/2019\/07\/iStock-529054845-350x233.jpg\" alt=\"\" width=\"350\" height=\"233\" srcset=\"https:\/\/www.healthy-heart.org\/wp-content\/uploads\/2019\/07\/iStock-529054845-350x233.jpg 350w, https:\/\/cdn-endpoint-prev.azureedge.net\/healthy-heart\/2019\/07\/iStock-529054845-2048x1365.jpg 2048w, https:\/\/cdn-endpoint-prev.azureedge.net\/healthy-heart\/2019\/07\/iStock-529054845-659x439.jpg 659w, https:\/\/www.healthy-heart.org\/wp-content\/uploads\/2019\/07\/iStock-529054845-200x133.jpg 200w, https:\/\/www.healthy-heart.org\/wp-content\/uploads\/2019\/07\/iStock-529054845-768x512.jpg 768w, https:\/\/www.healthy-heart.org\/wp-content\/uploads\/2019\/07\/iStock-529054845-1024x683.jpg 1024w, https:\/\/www.healthy-heart.org\/wp-content\/uploads\/2019\/07\/iStock-529054845-1536x1024.jpg 1536w, https:\/\/www.healthy-heart.org\/wp-content\/uploads\/2019\/07\/iStock-529054845-696x464.jpg 696w\" sizes=\"auto, (max-width: 350px) 100vw, 350px\" \/><br \/>\nJedn\u00edm z v\u00fdstra\u017en\u00fdch sign\u00e1l\u016f <a href=\"https:\/\/www.healthy-heart.org\/your-heart\/what-is-heart-disease\/\">infarktu<\/a> je bolest na hrudi. Bolest m\u016f\u017ee trvat jen n\u011bkolik minut, ale m\u016f\u017ee b\u00fdt i del\u0161\u00ed. Obvykle je bolest vn\u00edm\u00e1na jako t\u00edha na hrudi nebo tlak na hrudn\u00edm ko\u0161i, ale m\u016f\u017ee m\u00edt tak\u00e9 charakter slab\u00e9ho nep\u0159\u00edjemn\u00e9ho pocitu v oblasti hrudn\u00edku nebo pocitu p\u00e1len\u00ed. Ohnisko bolesti je zpravidla uprost\u0159ed hrudn\u00edku. M\u016f\u017ee b\u00fdt doprov\u00e1zena studen\u00fdm potem a nevolnost\u00ed. Bolest m\u016f\u017ee vyst\u0159elovat do jin\u00fdch oblast\u00ed horn\u00ed \u010d\u00e1sti t\u011bla \u2013 nap\u0159\u00edklad do pa\u017e\u00ed (\u010dast\u011bji vlevo ne\u017e vpravo), zad, a dokonce i \u010delisti.<\/p>\n<blockquote><p>Pokud c\u00edt\u00edte bolest na hrudi d\u00e9le ne\u017e 10 minut, okam\u017eit\u011b zavolejte sanitku.<br \/>\nNecestujte do nemocnice sami, proto\u017ee va\u0161e nejbli\u017e\u0161\u00ed nemocnice nemus\u00ed b\u00fdt vybavena k l\u00e9\u010db\u011b srde\u010dn\u00edho infarktu 24 hodin denn\u011b, 7 dn\u00ed v t\u00fddnu.<\/p><\/blockquote>\n<p>&nbsp;<\/p>\n<h2>V\u00fdstra\u017en\u00e9 sign\u00e1ly a p\u0159\u00edznaky: bu\u0161en\u00ed srdce a mdloby<\/h2>\n<p class=\"intro\">Co d\u011blat, pokud zaznamen\u00e1te bu\u0161en\u00ed srdce nebo mdloby<\/p>\n<p>&nbsp;<\/p>\n<h3>Palpitace<\/h3>\n<p><img loading=\"lazy\" decoding=\"async\" class=\"alignright size-medium wp-image-739\" src=\"https:\/\/cdn-endpoint-prev.azureedge.net\/healthy-heart\/2019\/07\/iStock-1147153827-350x233.jpg\" alt=\"\" width=\"350\" height=\"233\" srcset=\"https:\/\/www.healthy-heart.org\/wp-content\/uploads\/2019\/07\/iStock-1147153827-350x233.jpg 350w, https:\/\/cdn-endpoint-prev.azureedge.net\/healthy-heart\/2019\/07\/iStock-1147153827-2048x1365.jpg 2048w, https:\/\/cdn-endpoint-prev.azureedge.net\/healthy-heart\/2019\/07\/iStock-1147153827-659x439.jpg 659w, https:\/\/www.healthy-heart.org\/wp-content\/uploads\/2019\/07\/iStock-1147153827-200x133.jpg 200w, https:\/\/www.healthy-heart.org\/wp-content\/uploads\/2019\/07\/iStock-1147153827-768x512.jpg 768w, https:\/\/www.healthy-heart.org\/wp-content\/uploads\/2019\/07\/iStock-1147153827-1024x683.jpg 1024w, https:\/\/www.healthy-heart.org\/wp-content\/uploads\/2019\/07\/iStock-1147153827-1536x1024.jpg 1536w, https:\/\/www.healthy-heart.org\/wp-content\/uploads\/2019\/07\/iStock-1147153827-696x464.jpg 696w\" sizes=\"auto, (max-width: 350px) 100vw, 350px\" \/><br \/>\nPalpitace se popisuje jako zv\u00fd\u0161en\u00e9 uv\u011bdomov\u00e1n\u00ed si srde\u010dn\u00edho rytmu, \u010dasto spojen\u00e9 s pocitem neobvykle rychl\u00e9ho, pomal\u00e9ho \u010di nepravideln\u00e9ho rytmu. Palpitace obvykle trvaj\u00ed n\u011bkolik sekund nebo minut, ale mohou b\u00fdt i del\u0161\u00ed. Srdce m\u016f\u017ee vynechat n\u011bkter\u00e9 \u00fadery, ale to je norm\u00e1ln\u00ed a v\u011bt\u0161inou to z\u016fstane bez pov\u0161imnut\u00ed.<\/p>\n<p>Palpitace jsou obvykle ne\u0161kodn\u00e9. Lid\u00e9 maj\u00ed tendenci v\u00edce si uv\u011bdomovat tlukot sv\u00e9ho srdce, kdy\u017e jsou ve stresu. Kofein, <a href=\"https:\/\/www.healthy-heart.org\/keep-your-heart-healthy\/smoking\/\">kou\u0159en\u00ed<\/a>, alkohol a neleg\u00e1ln\u00ed drogy mohou vyvolat bu\u0161en\u00ed srdce. Dal\u0161\u00edmi p\u0159\u00ed\u010dinami jsou hormon\u00e1ln\u00ed zm\u011bny, siln\u00e9 emoce, nam\u00e1hav\u00e9 cvi\u010den\u00ed a n\u011bkter\u00e9 l\u00e9ky.<\/p>\n<blockquote><p>Nadm\u011brn\u00e9 bu\u0161en\u00ed srdce by se m\u011blo zastavit, pokud se dok\u00e1\u017eete vyhnout spou\u0161t\u011b\u010di nebo jeho p\u016fsoben\u00ed sn\u00ed\u017eit. Pokud si v\u0161ak mysl\u00edte, \u017ee p\u0159\u00ed\u010dinou jsou l\u00e9ky, nejprve se pora\u010fte se sv\u00fdm l\u00e9ka\u0159em. Rovn\u011b\u017e vyhledejte l\u00e9ka\u0159skou pomoc, pokud bu\u0161en\u00ed srdce p\u0159etrv\u00e1v\u00e1, zvy\u0161uje se frekvence nebo je spojeno s jin\u00fdmi p\u0159\u00edznaky, jako jsou nap\u0159. z\u00e1vrat\u011b.<\/p><\/blockquote>\n<p>&nbsp;<\/p>\n<h3>Synkopa<\/h3>\n<p>Synkopa je b\u011b\u017en\u011bji zn\u00e1m\u00e1 jako mdloby. Znamen\u00e1 do\u010dasnou ztr\u00e1tu v\u011bdom\u00ed a obvykle vede k p\u00e1du osoby . Nej\u010dast\u011bj\u0161\u00ed p\u0159\u00ed\u010dinou je n\u00edzk\u00fd krevn\u00ed tlak a \u010dasto postihuje dosp\u00edvaj\u00edc\u00ed d\u00edvky a mlad\u00e9 \u017eeny. N\u011bkte\u0159\u00ed lid\u00e9 maj\u00ed varovn\u00e9 p\u0159\u00edznaky, jako je pocit z\u00e1vrat\u011b, to\u010den\u00ed hlavy, nevolnosti nebo slabosti, n\u011bkolik sekund ne\u017e omdl\u00ed.<\/p>\n<blockquote><p>Pokud se c\u00edt\u00edte na omdlen\u00ed, posa\u010fte se nebo si lehn\u011bte, aby se v\u00e1\u0161 krevn\u00ed tlak vr\u00e1til do norm\u00e1lu. Pokud omdl\u00e9v\u00e1te, nav\u0161tivte sv\u00e9ho l\u00e9ka\u0159e, aby vylou\u010dil dal\u0161\u00ed p\u0159\u00ed\u010diny, jako jsou poruchy srde\u010dn\u00edho rytmu, z\u00fa\u017een\u00e9 krevn\u00ed c\u00e9vy, probl\u00e9my se srde\u010dn\u00ed chlopn\u00ed a dal\u0161\u00ed mo\u017en\u00e9 stavy.<\/p><\/blockquote>\n<p>&nbsp;<\/p>\n<h2>Co d\u011blat, kdy\u017e se v\u00e1m to\u010d\u00ed hlava<\/h2>\n<p class=\"intro\">To\u010den\u00ed hlavy m\u016f\u017ee b\u00fdt d\u016fle\u017eit\u00fdm p\u0159\u00edznakem srde\u010dn\u00edho onemocn\u011bn\u00ed.<\/p>\n<p><img loading=\"lazy\" decoding=\"async\" class=\"alignright size-medium wp-image-750\" src=\"https:\/\/cdn-endpoint-prev.azureedge.net\/healthy-heart\/2019\/07\/iStock-1124415619-350x234.jpg\" alt=\"\" width=\"350\" height=\"234\" srcset=\"https:\/\/www.healthy-heart.org\/wp-content\/uploads\/2019\/07\/iStock-1124415619-350x234.jpg 350w, https:\/\/cdn-endpoint-prev.azureedge.net\/healthy-heart\/2019\/07\/iStock-1124415619-1024x683.jpg 1024w, https:\/\/cdn-endpoint-prev.azureedge.net\/healthy-heart\/2019\/07\/iStock-1124415619-200x133.jpg 200w, https:\/\/www.healthy-heart.org\/wp-content\/uploads\/2019\/07\/iStock-1124415619-768x513.jpg 768w, https:\/\/www.healthy-heart.org\/wp-content\/uploads\/2019\/07\/iStock-1124415619-1536x1025.jpg 1536w, https:\/\/www.healthy-heart.org\/wp-content\/uploads\/2019\/07\/iStock-1124415619-2048x1367.jpg 2048w, https:\/\/www.healthy-heart.org\/wp-content\/uploads\/2019\/07\/iStock-1124415619-658x439.jpg 658w, https:\/\/www.healthy-heart.org\/wp-content\/uploads\/2019\/07\/iStock-1124415619-695x464.jpg 695w\" sizes=\"auto, (max-width: 350px) 100vw, 350px\" \/>To\u010den\u00ed hlavy je jedn\u00edm z v\u00fdstra\u017en\u00fdch znamen\u00ed budouc\u00edho infarktu. Je to b\u011b\u017en\u00fd a nep\u0159\u00edjemn\u00fd pocit, \u017ee m\u016f\u017eete omdl\u00edt a je \u010dasto doprov\u00e1zen pocitem z\u00e1vrat\u011b. To\u010den\u00ed hlavy m\u016f\u017ee m\u00edt mnoho p\u0159\u00ed\u010din a ne v\u017edy souvis\u00ed se srde\u010dn\u00edm probl\u00e9mem. Z\u00e1vrat\u011b mohou zp\u016fsobit nap\u0159\u00edklad p\u0159echodn\u011b n\u00edzk\u00fd krevn\u00ed tlak nebo n\u00edzk\u00e1 hladina cukru v krvi.<\/p>\n<blockquote><p>Pokud se v\u00e1m to\u010d\u00ed hlava, posa\u010fte se, dejte si sklenici vody a, pokud mo\u017eno, trochu cukru. Pokud se b\u011bhem n\u011bkolika minut nevzpamatujete nebo pokud za\u010dnete nav\u00edc poci\u0165ovat bu\u0161en\u00ed srdce nebo m\u00e1te jin\u00e9 v\u00fdstra\u017en\u00e9 sign\u00e1ly infarktu myokardu (jako je bolest na hrudi nebo t\u00edse\u0148), vyhledejte l\u00e9ka\u0159skou pomoc.<\/p><\/blockquote>\n<p>&nbsp;<\/p>\n<h2>Co byste m\u011bli v\u011bd\u011bt o nevolnosti<\/h2>\n<p class=\"intro\">P\u0159i infarktu m\u016f\u017ee b\u00fdt p\u0159\u00edtomna nevolnost a zvracen\u00ed.<\/p>\n<p><img loading=\"lazy\" decoding=\"async\" class=\"alignright size-medium wp-image-759\" src=\"https:\/\/cdn-endpoint-prev.azureedge.net\/healthy-heart\/2019\/07\/iStock-875091172-350x233.jpg\" alt=\"\" width=\"350\" height=\"233\" srcset=\"https:\/\/www.healthy-heart.org\/wp-content\/uploads\/2019\/07\/iStock-875091172-350x233.jpg 350w, https:\/\/cdn-endpoint-prev.azureedge.net\/healthy-heart\/2019\/07\/iStock-875091172-2048x1365.jpg 2048w, https:\/\/cdn-endpoint-prev.azureedge.net\/healthy-heart\/2019\/07\/iStock-875091172-659x439.jpg 659w, https:\/\/www.healthy-heart.org\/wp-content\/uploads\/2019\/07\/iStock-875091172-200x133.jpg 200w, https:\/\/www.healthy-heart.org\/wp-content\/uploads\/2019\/07\/iStock-875091172-768x512.jpg 768w, https:\/\/www.healthy-heart.org\/wp-content\/uploads\/2019\/07\/iStock-875091172-1024x683.jpg 1024w, https:\/\/www.healthy-heart.org\/wp-content\/uploads\/2019\/07\/iStock-875091172-1536x1024.jpg 1536w, https:\/\/www.healthy-heart.org\/wp-content\/uploads\/2019\/07\/iStock-875091172-696x464.jpg 696w\" sizes=\"auto, (max-width: 350px) 100vw, 350px\" \/><br \/>\nNevolnost je \u010dast\u00fdm p\u0159\u00edznakem srde\u010dn\u00edho infarktu. Pokud jste v minulosti prod\u011blali infarkt myokardu nebo pat\u0159\u00edte do vysoce rizikov\u00e9 skupiny (nap\u0159\u00edklad pokud m\u00e1te <a href=\"https:\/\/www.healthy-heart.org\/keep-your-heart-healthy\/diabetes\/\">cukrovku<\/a>, <a href=\"https:\/\/www.healthy-heart.org\/keep-your-heart-healthy\/keeping-a-healthy-weight\/\">nadv\u00e1hu<\/a> a kou\u0159\u00edte), m\u011bjte na pam\u011bti, \u017ee nevolnost a zvracen\u00ed mohou b\u00fdt v\u00fdstra\u017en\u00e9 sign\u00e1ly infarktu myokardu.<\/p>\n<blockquote><p>Pokud m\u00e1te pocit nevolnosti \u010di jin\u00e9 p\u0159\u00edznaky infarktu, jako nap\u0159. bolest na hrudi, vyhledejte l\u00e9ka\u0159skou pomoc.<\/p><\/blockquote>\n<p>&nbsp;<\/p>\n<h2>Co byste m\u011bli v\u011bd\u011bt o du\u0161nosti<\/h2>\n<p class=\"intro\">Du\u0161nost je typick\u00fdm p\u0159\u00edznakem infarktu<\/p>\n<p><img loading=\"lazy\" decoding=\"async\" class=\"alignright size-medium wp-image-769\" src=\"https:\/\/cdn-endpoint-prev.azureedge.net\/healthy-heart\/2019\/07\/iStock-986556596-350x270.jpg\" alt=\"\" width=\"350\" height=\"270\" srcset=\"https:\/\/www.healthy-heart.org\/wp-content\/uploads\/2019\/07\/iStock-986556596-350x270.jpg 350w, https:\/\/www.healthy-heart.org\/wp-content\/uploads\/2019\/07\/iStock-986556596-200x154.jpg 200w, https:\/\/www.healthy-heart.org\/wp-content\/uploads\/2019\/07\/iStock-986556596-768x592.jpg 768w, https:\/\/www.healthy-heart.org\/wp-content\/uploads\/2019\/07\/iStock-986556596-1024x789.jpg 1024w, https:\/\/www.healthy-heart.org\/wp-content\/uploads\/2019\/07\/iStock-986556596-1536x1184.jpg 1536w, https:\/\/www.healthy-heart.org\/wp-content\/uploads\/2019\/07\/iStock-986556596-2048x1578.jpg 2048w, https:\/\/www.healthy-heart.org\/wp-content\/uploads\/2019\/07\/iStock-986556596-570x439.jpg 570w, https:\/\/www.healthy-heart.org\/wp-content\/uploads\/2019\/07\/iStock-986556596-602x464.jpg 602w\" sizes=\"auto, (max-width: 350px) 100vw, 350px\" \/><br \/>\nDu\u0161nost je pocit, \u017ee nem\u00e1te dostatek kysl\u00edku. M\u016f\u017ee se objevit n\u00e1hle b\u011bhem n\u00e1mahy, ale tak\u00e9 v klidu. Existuje n\u011bkolik p\u0159\u00ed\u010din, ale je d\u016fle\u017eit\u00e9 informovat l\u00e9ka\u0159e nebo kardiologa, pokud m\u00e1te z\u00e1chvaty du\u0161nosti \u2013 i kdy\u017e je to jen p\u0159i n\u00e1maze.<\/p>\n<blockquote><p>Pokud poci\u0165ujete du\u0161nost a dal\u0161\u00ed p\u0159\u00edznaky infarktu, jako nap\u0159. bolest nebo tlak na hrudi, okam\u017eit\u011b vyhledejte l\u00e9ka\u0159skou pomoc.<\/p><\/blockquote>\n","protected":false},"excerpt":{"rendered":"<p>Jedn\u00edm z v\u00fdstra\u017en\u00fdch sign\u00e1l\u016f infarktu je bolest na hrudi. Bolest m\u016f\u017ee trvat jen n\u011bkolik minut, ale m\u016f\u017ee b\u00fdt i del\u0161\u00ed. Obvykle je bolest vn\u00edm\u00e1na jako t\u00edha na hrudi nebo tlak na hrudn\u00edm ko\u0161i, ale m\u016f\u017ee m\u00edt tak\u00e9 charakter slab\u00e9ho nep\u0159\u00edjemn\u00e9ho pocitu v oblasti hrudn\u00edku nebo pocitu p\u00e1len\u00ed. Ohnisko bolesti je zpravidla uprost\u0159ed hrudn\u00edku. M\u016f\u017ee b\u00fdt [&hellip;]<\/p>\n","protected":false},"author":1,"featured_media":6886,"parent":6903,"menu_order":3,"comment_status":"closed","ping_status":"closed","template":"","meta":{"_acf_changed":false,"footnotes":""},"categories":[145],"tags":[],"class_list":["post-6875","page","type-page","status-publish","has-post-thumbnail","hentry","category-vase-srdce"],"acf":[],"yoast_head":"<!-- This site is optimized with the Yoast SEO plugin v24.0 - https:\/\/yoast.com\/wordpress\/plugins\/seo\/ -->\n<title>Varov\u00e1n\u00ed, v\u00fdstra\u017en\u00e9 sign\u00e1ly a p\u0159\u00edznaky - Healthy-Heart.org<\/title>\n<meta name=\"description\" content=\"D\u00e1vejte pozor na zn\u00e1mky a p\u0159\u00edznaky infarktu, jako je bolest na hrudi, bu\u0161en\u00ed srdce, nevolnost a zvracen\u00ed.\" \/>\n<meta name=\"robots\" content=\"index, follow, max-snippet:-1, max-image-preview:large, max-video-preview:-1\" \/>\n<link rel=\"canonical\" href=\"https:\/\/www.healthy-heart.org\/cs\/vase-srdce\/vystrazne-signaly-a-priznaky\/\" \/>\n<meta property=\"og:locale\" content=\"cs_CZ\" \/>\n<meta property=\"og:type\" content=\"article\" \/>\n<meta property=\"og:title\" content=\"Varov\u00e1n\u00ed, v\u00fdstra\u017en\u00e9 sign\u00e1ly a p\u0159\u00edznaky - Healthy-Heart.org\" \/>\n<meta property=\"og:description\" content=\"D\u00e1vejte pozor na zn\u00e1mky a p\u0159\u00edznaky infarktu, jako je bolest na hrudi, bu\u0161en\u00ed srdce, nevolnost a zvracen\u00ed.\" \/>\n<meta property=\"og:url\" content=\"https:\/\/www.healthy-heart.org\/cs\/vase-srdce\/vystrazne-signaly-a-priznaky\/\" \/>\n<meta property=\"og:site_name\" content=\"Healthy-Heart.org\" \/>\n<meta property=\"og:image\" content=\"https:\/\/www.healthy-heart.org\/wp-content\/uploads\/2019\/08\/signs-and-symptoms.jpg\" \/>\n\t<meta property=\"og:image:width\" content=\"518\" \/>\n\t<meta property=\"og:image:height\" content=\"345\" \/>\n\t<meta property=\"og:image:type\" content=\"image\/jpeg\" \/>\n<meta name=\"twitter:card\" content=\"summary_large_image\" \/>\n<meta name=\"twitter:label1\" content=\"Odhadovan\u00e1 doba \u010dten\u00ed\" \/>\n\t<meta name=\"twitter:data1\" content=\"4 minuty\" \/>\n<script type=\"application\/ld+json\" class=\"yoast-schema-graph\">{\"@context\":\"https:\/\/schema.org\",\"@graph\":[{\"@type\":\"WebPage\",\"@id\":\"https:\/\/www.healthy-heart.org\/cs\/vase-srdce\/vystrazne-signaly-a-priznaky\/\",\"url\":\"https:\/\/www.healthy-heart.org\/cs\/vase-srdce\/vystrazne-signaly-a-priznaky\/\",\"name\":\"Varov\u00e1n\u00ed, v\u00fdstra\u017en\u00e9 sign\u00e1ly a p\u0159\u00edznaky - Healthy-Heart.org\",\"isPartOf\":{\"@id\":\"https:\/\/www.healthy-heart.org\/es\/#website\"},\"primaryImageOfPage\":{\"@id\":\"https:\/\/www.healthy-heart.org\/cs\/vase-srdce\/vystrazne-signaly-a-priznaky\/#primaryimage\"},\"image\":{\"@id\":\"https:\/\/www.healthy-heart.org\/cs\/vase-srdce\/vystrazne-signaly-a-priznaky\/#primaryimage\"},\"thumbnailUrl\":\"https:\/\/www.healthy-heart.org\/wp-content\/uploads\/2019\/08\/signs-and-symptoms.jpg\",\"datePublished\":\"2023-08-16T13:54:26+00:00\",\"dateModified\":\"2023-08-16T13:54:26+00:00\",\"description\":\"D\u00e1vejte pozor na zn\u00e1mky a p\u0159\u00edznaky infarktu, jako je bolest na hrudi, bu\u0161en\u00ed srdce, nevolnost a zvracen\u00ed.\",\"breadcrumb\":{\"@id\":\"https:\/\/www.healthy-heart.org\/cs\/vase-srdce\/vystrazne-signaly-a-priznaky\/#breadcrumb\"},\"inLanguage\":\"cs\",\"potentialAction\":[{\"@type\":\"ReadAction\",\"target\":[\"https:\/\/www.healthy-heart.org\/cs\/vase-srdce\/vystrazne-signaly-a-priznaky\/\"]}]},{\"@type\":\"ImageObject\",\"inLanguage\":\"cs\",\"@id\":\"https:\/\/www.healthy-heart.org\/cs\/vase-srdce\/vystrazne-signaly-a-priznaky\/#primaryimage\",\"url\":\"https:\/\/www.healthy-heart.org\/wp-content\/uploads\/2019\/08\/signs-and-symptoms.jpg\",\"contentUrl\":\"https:\/\/www.healthy-heart.org\/wp-content\/uploads\/2019\/08\/signs-and-symptoms.jpg\",\"width\":518,\"height\":345},{\"@type\":\"BreadcrumbList\",\"@id\":\"https:\/\/www.healthy-heart.org\/cs\/vase-srdce\/vystrazne-signaly-a-priznaky\/#breadcrumb\",\"itemListElement\":[{\"@type\":\"ListItem\",\"position\":1,\"name\":\"Home\",\"item\":\"https:\/\/www.healthy-heart.org\/cs\/\"},{\"@type\":\"ListItem\",\"position\":2,\"name\":\"Va\u0161e srdce\",\"item\":\"https:\/\/www.healthy-heart.org\/cs\/vase-srdce\/\"},{\"@type\":\"ListItem\",\"position\":3,\"name\":\"V\u00fdstra\u017en\u00e9 sign\u00e1ly a p\u0159\u00edznaky\"}]},{\"@type\":\"WebSite\",\"@id\":\"https:\/\/www.healthy-heart.org\/es\/#website\",\"url\":\"https:\/\/www.healthy-heart.org\/es\/\",\"name\":\"Healthy-Heart.org\",\"description\":\"Practical advice for patients and family care givers on the prevention of cardiovascular disease\",\"potentialAction\":[{\"@type\":\"SearchAction\",\"target\":{\"@type\":\"EntryPoint\",\"urlTemplate\":\"https:\/\/www.healthy-heart.org\/es\/?s={search_term_string}\"},\"query-input\":{\"@type\":\"PropertyValueSpecification\",\"valueRequired\":true,\"valueName\":\"search_term_string\"}}],\"inLanguage\":\"cs\"}]}<\/script>\n<!-- \/ Yoast SEO plugin. -->","yoast_head_json":{"title":"Varov\u00e1n\u00ed, v\u00fdstra\u017en\u00e9 sign\u00e1ly a p\u0159\u00edznaky - Healthy-Heart.org","description":"D\u00e1vejte pozor na zn\u00e1mky a p\u0159\u00edznaky infarktu, jako je bolest na hrudi, bu\u0161en\u00ed srdce, nevolnost a zvracen\u00ed.","robots":{"index":"index","follow":"follow","max-snippet":"max-snippet:-1","max-image-preview":"max-image-preview:large","max-video-preview":"max-video-preview:-1"},"canonical":"https:\/\/www.healthy-heart.org\/cs\/vase-srdce\/vystrazne-signaly-a-priznaky\/","og_locale":"cs_CZ","og_type":"article","og_title":"Varov\u00e1n\u00ed, v\u00fdstra\u017en\u00e9 sign\u00e1ly a p\u0159\u00edznaky - Healthy-Heart.org","og_description":"D\u00e1vejte pozor na zn\u00e1mky a p\u0159\u00edznaky infarktu, jako je bolest na hrudi, bu\u0161en\u00ed srdce, nevolnost a zvracen\u00ed.","og_url":"https:\/\/www.healthy-heart.org\/cs\/vase-srdce\/vystrazne-signaly-a-priznaky\/","og_site_name":"Healthy-Heart.org","og_image":[{"width":518,"height":345,"url":"https:\/\/www.healthy-heart.org\/wp-content\/uploads\/2019\/08\/signs-and-symptoms.jpg","type":"image\/jpeg"}],"twitter_card":"summary_large_image","twitter_misc":{"Odhadovan\u00e1 doba \u010dten\u00ed":"4 minuty"},"schema":{"@context":"https:\/\/schema.org","@graph":[{"@type":"WebPage","@id":"https:\/\/www.healthy-heart.org\/cs\/vase-srdce\/vystrazne-signaly-a-priznaky\/","url":"https:\/\/www.healthy-heart.org\/cs\/vase-srdce\/vystrazne-signaly-a-priznaky\/","name":"Varov\u00e1n\u00ed, v\u00fdstra\u017en\u00e9 sign\u00e1ly a p\u0159\u00edznaky - Healthy-Heart.org","isPartOf":{"@id":"https:\/\/www.healthy-heart.org\/es\/#website"},"primaryImageOfPage":{"@id":"https:\/\/www.healthy-heart.org\/cs\/vase-srdce\/vystrazne-signaly-a-priznaky\/#primaryimage"},"image":{"@id":"https:\/\/www.healthy-heart.org\/cs\/vase-srdce\/vystrazne-signaly-a-priznaky\/#primaryimage"},"thumbnailUrl":"https:\/\/www.healthy-heart.org\/wp-content\/uploads\/2019\/08\/signs-and-symptoms.jpg","datePublished":"2023-08-16T13:54:26+00:00","dateModified":"2023-08-16T13:54:26+00:00","description":"D\u00e1vejte pozor na zn\u00e1mky a p\u0159\u00edznaky infarktu, jako je bolest na hrudi, bu\u0161en\u00ed srdce, nevolnost a zvracen\u00ed.","breadcrumb":{"@id":"https:\/\/www.healthy-heart.org\/cs\/vase-srdce\/vystrazne-signaly-a-priznaky\/#breadcrumb"},"inLanguage":"cs","potentialAction":[{"@type":"ReadAction","target":["https:\/\/www.healthy-heart.org\/cs\/vase-srdce\/vystrazne-signaly-a-priznaky\/"]}]},{"@type":"ImageObject","inLanguage":"cs","@id":"https:\/\/www.healthy-heart.org\/cs\/vase-srdce\/vystrazne-signaly-a-priznaky\/#primaryimage","url":"https:\/\/www.healthy-heart.org\/wp-content\/uploads\/2019\/08\/signs-and-symptoms.jpg","contentUrl":"https:\/\/www.healthy-heart.org\/wp-content\/uploads\/2019\/08\/signs-and-symptoms.jpg","width":518,"height":345},{"@type":"BreadcrumbList","@id":"https:\/\/www.healthy-heart.org\/cs\/vase-srdce\/vystrazne-signaly-a-priznaky\/#breadcrumb","itemListElement":[{"@type":"ListItem","position":1,"name":"Home","item":"https:\/\/www.healthy-heart.org\/cs\/"},{"@type":"ListItem","position":2,"name":"Va\u0161e srdce","item":"https:\/\/www.healthy-heart.org\/cs\/vase-srdce\/"},{"@type":"ListItem","position":3,"name":"V\u00fdstra\u017en\u00e9 sign\u00e1ly a p\u0159\u00edznaky"}]},{"@type":"WebSite","@id":"https:\/\/www.healthy-heart.org\/es\/#website","url":"https:\/\/www.healthy-heart.org\/es\/","name":"Healthy-Heart.org","description":"Practical advice for patients and family care givers on the prevention of cardiovascular disease","potentialAction":[{"@type":"SearchAction","target":{"@type":"EntryPoint","urlTemplate":"https:\/\/www.healthy-heart.org\/es\/?s={search_term_string}"},"query-input":{"@type":"PropertyValueSpecification","valueRequired":true,"valueName":"search_term_string"}}],"inLanguage":"cs"}]}},"_links":{"self":[{"href":"https:\/\/www.healthy-heart.org\/cs\/wp-json\/wp\/v2\/pages\/6875","targetHints":{"allow":["GET"]}}],"collection":[{"href":"https:\/\/www.healthy-heart.org\/cs\/wp-json\/wp\/v2\/pages"}],"about":[{"href":"https:\/\/www.healthy-heart.org\/cs\/wp-json\/wp\/v2\/types\/page"}],"author":[{"embeddable":true,"href":"https:\/\/www.healthy-heart.org\/cs\/wp-json\/wp\/v2\/users\/1"}],"replies":[{"embeddable":true,"href":"https:\/\/www.healthy-heart.org\/cs\/wp-json\/wp\/v2\/comments?post=6875"}],"version-history":[{"count":0,"href":"https:\/\/www.healthy-heart.org\/cs\/wp-json\/wp\/v2\/pages\/6875\/revisions"}],"up":[{"embeddable":true,"href":"https:\/\/www.healthy-heart.org\/cs\/wp-json\/wp\/v2\/pages\/6903"}],"wp:featuredmedia":[{"embeddable":true,"href":"https:\/\/www.healthy-heart.org\/cs\/wp-json\/wp\/v2\/media\/6886"}],"wp:attachment":[{"href":"https:\/\/www.healthy-heart.org\/cs\/wp-json\/wp\/v2\/media?parent=6875"}],"wp:term":[{"taxonomy":"category","embeddable":true,"href":"https:\/\/www.healthy-heart.org\/cs\/wp-json\/wp\/v2\/categories?post=6875"},{"taxonomy":"post_tag","embeddable":true,"href":"https:\/\/www.healthy-heart.org\/cs\/wp-json\/wp\/v2\/tags?post=6875"}],"curies":[{"name":"wp","href":"https:\/\/api.w.org\/{rel}","templated":true}]}}